{"id":1535,"date":"2025-04-22T13:55:45","date_gmt":"2025-04-22T16:55:45","guid":{"rendered":"https:\/\/dolomititrade.com\/?page_id=1535"},"modified":"2025-04-22T14:02:14","modified_gmt":"2025-04-22T17:02:14","slug":"compliance","status":"publish","type":"page","link":"https:\/\/dolomititrade.com\/en\/compliance\/","title":{"rendered":"Compliance"},"content":{"rendered":"\t\t<div data-elementor-type=\"wp-page\" data-elementor-id=\"1535\" class=\"elementor elementor-1535\" data-elementor-post-type=\"page\">\n\t\t\t\t<div class=\"elementor-element elementor-element-07ae542 e-flex e-con-boxed e-con e-parent\" data-id=\"07ae542\" data-element_type=\"container\" data-e-type=\"container\">\n\t\t\t\t\t<div class=\"e-con-inner\">\n\t\t\t\t<div class=\"elementor-element elementor-element-881ba8f elementor-widget elementor-widget-text-editor\" data-id=\"881ba8f\" data-element_type=\"widget\" data-e-type=\"widget\" data-widget_type=\"text-editor.default\">\n\t\t\t\t<div class=\"elementor-widget-container\">\n\t\t\t\t\t\t\t\t\t<h2 style=\"text-align: center;\"><strong>Integridade. Transpar\u00eancia. Responsabilidade.<\/strong><\/h2><p><b>Compliance na Dolomiti Trade<\/b><\/p><p><span style=\"font-weight: 400;\">Na\u00a0<\/span><b>Dolomiti Trade<\/b><span style=\"font-weight: 400;\">, temos o compromisso de atuar com integridade, \u00e9tica e transpar\u00eancia em todas as nossas rela\u00e7\u00f5es. Nosso programa de Compliance foi estruturado para garantir que nossas atividades estejam sempre em conformidade com as leis e regulamentos nacionais e internacionais, fortalecendo a confian\u00e7a de nossos clientes, parceiros e colaboradores.<\/span><\/p><p><b>Comprometimento da Alta Dire\u00e7\u00e3o<\/b><\/p><p><span style=\"font-weight: 400;\">A cultura de integridade come\u00e7a na lideran\u00e7a. Nossa alta dire\u00e7\u00e3o est\u00e1 diretamente envolvida na condu\u00e7\u00e3o \u00e9tica dos neg\u00f3cios, estabelecendo pol\u00edticas claras, pr\u00e1ticas respons\u00e1veis e um ambiente de transpar\u00eancia que orienta toda a equipe da Dolomiti Trade.<\/span><\/p><p><span style=\"font-weight: 400;\"><br \/><\/span><b>C\u00f3digo de \u00c9tica e Conduta<\/b><\/p><p><span style=\"font-weight: 400;\">Nosso\u00a0<\/span><b>C\u00f3digo de \u00c9tica<\/b><span style=\"font-weight: 400;\">\u00a0reflete os valores que guiam nossas a\u00e7\u00f5es di\u00e1rias. Ele estabelece diretrizes claras sobre:<\/span><\/p><ul><li style=\"font-weight: 400;\" aria-level=\"1\"><span style=\"font-weight: 400;\">Combate \u00e0 corrup\u00e7\u00e3o e ao suborno<\/span><\/li><li style=\"font-weight: 400;\" aria-level=\"1\"><span style=\"font-weight: 400;\">Conduta respons\u00e1vel e transparente com clientes, fornecedores e \u00f3rg\u00e3os p\u00fablicos<\/span><\/li><li style=\"font-weight: 400;\" aria-level=\"1\"><span style=\"font-weight: 400;\">Respeito \u00e0s leis e aos direitos humanos<\/span><\/li><li style=\"font-weight: 400;\" aria-level=\"1\"><span style=\"font-weight: 400;\">Ambiente de trabalho \u00e9tico, respeitoso e seguro<\/span><\/li><\/ul><p><b>Relacionamento com Parceiros e Fornecedores<\/b><\/p><p><span style=\"font-weight: 400;\">Antes de qualquer parceria, realizamos um\u00a0<\/span><b>processo de due diligence<\/b><span style=\"font-weight: 400;\">, com avalia\u00e7\u00e3o criteriosa para\u00a0<\/span><b>homologa\u00e7\u00e3o de fornecedores<\/b><span style=\"font-weight: 400;\">\u00a0e an\u00e1lise de integridade. Acreditamos que rela\u00e7\u00f5es comerciais saud\u00e1veis come\u00e7am com responsabilidade m\u00fatua.<\/span><\/p><p><b>Conformidade Aduaneira e Regulat\u00f3ria<\/b><\/p><p><span style=\"font-weight: 400;\">Garantimos o\u00a0<\/span><b>cumprimento de todas as regulamenta\u00e7\u00f5es aduaneiras<\/b><span style=\"font-weight: 400;\">, incluindo controle de exporta\u00e7\u00f5es e importa\u00e7\u00f5es, declara\u00e7\u00f5es fiscais e o devido pagamento de tarifas e impostos. Cada opera\u00e7\u00e3o \u00e9 tratada com seriedade e responsabilidade legal.<\/span><\/p><p><b>Confidencialidade e Seguran\u00e7a da Informa\u00e7\u00e3o<\/b><\/p><p><span style=\"font-weight: 400;\">A privacidade dos nossos clientes e parceiros \u00e9 prioridade. Asseguramos que\u00a0<\/span><b>todas as informa\u00e7\u00f5es estrat\u00e9gicas permanecer\u00e3o sob sigilo<\/b><span style=\"font-weight: 400;\">\u00a0e, quando necess\u00e1rio, disponibilizamos um\u00a0<\/span><b>Termo de Confidencialidade padr\u00e3o<\/b><span style=\"font-weight: 400;\">, refor\u00e7ando nosso compromisso com a seguran\u00e7a da informa\u00e7\u00e3o.<\/span><\/p><p><b>Compromisso com a Integridade<\/b><\/p><p><span style=\"font-weight: 400;\">O nosso compromisso vai al\u00e9m do discurso. Acreditamos que a integridade \u00e9 o caminho mais s\u00f3lido para o crescimento sustent\u00e1vel, e \u00e9 com essa base que constru\u00edmos a reputa\u00e7\u00e3o da Dolomiti Trade no Brasil e no mundo.<\/span><\/p><p><b>Canal de Den\u00fancias<\/b><\/p><p><span style=\"font-weight: 400;\">A Dolomiti Trade disponibiliza um\u00a0<\/span><b>canal de den\u00fancias independente, sigiloso e seguro<\/b><span style=\"font-weight: 400;\">, aberto a todos que desejem relatar qualquer conduta que viole nosso C\u00f3digo de \u00c9tica ou a legisla\u00e7\u00e3o vigente. Incentivamos a manifesta\u00e7\u00e3o respons\u00e1vel e garantimos que todas as den\u00fancias ser\u00e3o tratadas com seriedade, imparcialidade e prote\u00e7\u00e3o ao denunciante.<\/span><\/p>\t\t\t\t\t\t\t\t<\/div>\n\t\t\t\t<\/div>\n\t\t\t\t\t<\/div>\n\t\t\t\t<\/div>\n\t\t<div class=\"elementor-element elementor-element-076ab2e e-flex e-con-boxed e-con e-parent\" data-id=\"076ab2e\" data-element_type=\"container\" data-e-type=\"container\">\n\t\t\t\t\t<div class=\"e-con-inner\">\n\t\t\t\t<div class=\"elementor-element elementor-element-48e8bc0 elementor-button-align-stretch elementor-widget elementor-widget-form\" data-id=\"48e8bc0\" data-element_type=\"widget\" data-e-type=\"widget\" data-settings=\"{&quot;step_next_label&quot;:&quot;Pr\\u00f3ximo&quot;,&quot;step_previous_label&quot;:&quot;Anterior&quot;,&quot;button_width&quot;:&quot;100&quot;,&quot;step_type&quot;:&quot;number_text&quot;,&quot;step_icon_shape&quot;:&quot;circle&quot;}\" data-widget_type=\"form.default\">\n\t\t\t\t<div class=\"elementor-widget-container\">\n\t\t\t\t\t\t\t<form class=\"elementor-form\" method=\"post\" name=\"Nova formul\u00e1rio\">\n\t\t\t<input type=\"hidden\" name=\"post_id\" value=\"1535\"\/>\n\t\t\t<input type=\"hidden\" name=\"form_id\" value=\"48e8bc0\"\/>\n\t\t\t<input type=\"hidden\" name=\"referer_title\" value=\"\" \/>\n\n\t\t\t\n\t\t\t<div class=\"elementor-form-fields-wrapper elementor-labels-\">\n\t\t\t\t\t\t\t\t<div class=\"elementor-field-type-textarea elementor-field-group elementor-column elementor-field-group-message elementor-col-100\">\n\t\t\t\t\t\t\t\t\t\t\t\t<label for=\"form-field-message\" class=\"elementor-field-label elementor-screen-only\">\n\t\t\t\t\t\t\t\tMensagem\t\t\t\t\t\t\t<\/label>\n\t\t\t\t\t\t<textarea class=\"elementor-field-textual elementor-field  elementor-size-md\" name=\"form_fields[message]\" id=\"form-field-message\" rows=\"8\" placeholder=\"Mensagem\"><\/textarea>\t\t\t\t<\/div>\n\t\t\t\t\t\t\t\t<div class=\"elementor-field-type-upload elementor-field-group elementor-column elementor-field-group-field_9af8f09 elementor-col-100\">\n\t\t\t\t\t\t\t<input type=\"file\" name=\"form_fields[field_9af8f09][]\" id=\"form-field-field_9af8f09\" class=\"elementor-field elementor-size-md  elementor-upload-field\" multiple=\"multiple\" data-maxsize=\"20\" data-maxsize-message=\"This file exceeds the maximum allowed size.\">\n\n\t\t\t\t\t\t<\/div>\n\t\t\t\t\t\t\t\t<div class=\"elementor-field-group elementor-column elementor-field-type-submit elementor-col-100 e-form__buttons\">\n\t\t\t\t\t<button class=\"elementor-button elementor-size-sm\" type=\"submit\">\n\t\t\t\t\t\t<span class=\"elementor-button-content-wrapper\">\n\t\t\t\t\t\t\t\t\t\t\t\t\t\t\t\t\t\t\t\t\t\t<span class=\"elementor-button-text\">Enviar<\/span>\n\t\t\t\t\t\t\t\t\t\t\t\t\t<\/span>\n\t\t\t\t\t<\/button>\n\t\t\t\t<\/div>\n\t\t\t<\/div>\n\t\t<\/form>\n\t\t\t\t\t\t<\/div>\n\t\t\t\t<\/div>\n\t\t\t\t\t<\/div>\n\t\t\t\t<\/div>\n\t\t\t\t<\/div>\n\t\t","protected":false},"excerpt":{"rendered":"<p>Integridade. Transpar\u00eancia. Responsabilidade. Compliance na Dolomiti Trade Na\u00a0Dolomiti Trade, temos o compromisso de atuar com integridade, \u00e9tica e transpar\u00eancia em todas as nossas rela\u00e7\u00f5es. Nosso programa de Compliance foi estruturado para garantir que nossas atividades estejam sempre em conformidade com as leis e regulamentos nacionais e internacionais, fortalecendo a confian\u00e7a de nossos clientes, parceiros e [&hellip;]<\/p>\n","protected":false},"author":6,"featured_media":0,"parent":0,"menu_order":0,"comment_status":"closed","ping_status":"closed","template":"","meta":{"_joinchat":[],"footnotes":""},"class_list":["post-1535","page","type-page","status-publish","hentry"],"acf":[],"_links":{"self":[{"href":"https:\/\/dolomititrade.com\/en\/wp-json\/wp\/v2\/pages\/1535","targetHints":{"allow":["GET"]}}],"collection":[{"href":"https:\/\/dolomititrade.com\/en\/wp-json\/wp\/v2\/pages"}],"about":[{"href":"https:\/\/dolomititrade.com\/en\/wp-json\/wp\/v2\/types\/page"}],"author":[{"embeddable":true,"href":"https:\/\/dolomititrade.com\/en\/wp-json\/wp\/v2\/users\/6"}],"replies":[{"embeddable":true,"href":"https:\/\/dolomititrade.com\/en\/wp-json\/wp\/v2\/comments?post=1535"}],"version-history":[{"count":19,"href":"https:\/\/dolomititrade.com\/en\/wp-json\/wp\/v2\/pages\/1535\/revisions"}],"predecessor-version":[{"id":1555,"href":"https:\/\/dolomititrade.com\/en\/wp-json\/wp\/v2\/pages\/1535\/revisions\/1555"}],"wp:attachment":[{"href":"https:\/\/dolomititrade.com\/en\/wp-json\/wp\/v2\/media?parent=1535"}],"curies":[{"name":"wp","href":"https:\/\/api.w.org\/{rel}","templated":true}]}}